{"id":22165,"date":"2018-07-12T11:44:11","date_gmt":"2018-07-12T11:44:11","guid":{"rendered":"http:\/\/sauleit.com\/homepage\/"},"modified":"2025-01-16T16:15:09","modified_gmt":"2025-01-16T14:15:09","slug":"homepage","status":"publish","type":"page","link":"https:\/\/sauleit.com\/et\/","title":{"rendered":"Avaleht"},"content":{"rendered":"<p>[vc_row dfd_row_config=&#8221;full_width_content&#8221; one_page_title=&#8221;Meist&#8221; anchor=&#8221;1&#8243; dfd_bg_style=&#8221;image&#8221; dfd_bg_image_new=&#8221;22135&#8243; dfd_bg_image_repeat=&#8221;no-repeat&#8221; dfd_bg_image_size=&#8221;initial&#8221; dfd_image_bg_color=&#8221;#e9f4f9&#8243; dfd_bg_image_position=&#8221;50% 50%&#8221; dfd_bg_image_new_responsive=&#8221;22135&#8243; dfd_bg_resolution=&#8221;1023&#8243; dfd_bg_image_position_mobile=&#8221;bottom left&#8221; dfd_bg_image_size_mobile=&#8221;cover&#8221;][vc_column width=&#8221;1\/2&#8243; el_class=&#8221;dfd_col-tablet-12&#8243; offset=&#8221;vc_col-lg-6 vc_col-md-6 vc_col-xs-12&#8243; col_shadow=&#8221;box_shadow_enable:disable|shadow_horizontal:0|shadow_vertical:15|shadow_blur:50|shadow_spread:0|box_shadow_color:rgba(0%2C0%2C0%2C0.35)&#8221; col_shadow_hover=&#8221;box_shadow_enable:disable|shadow_horizontal:0|shadow_vertical:15|shadow_blur:50|shadow_spread:0|box_shadow_color:rgba(0%2C0%2C0%2C0.35)&#8221; css=&#8221;.vc_custom_1531464325691{padding-right: 10% !important;padding-left: 5% !important;}&#8221;][dfd_spacer screen_wide_spacer_size=&#8221;&#8221; screen_normal_resolution=&#8221;1280&#8243; screen_tablet_resolution=&#8221;1041&#8243; screen_mobile_resolution=&#8221;817&#8243; screen_tablet_spacer_size=&#8221;80&#8243; screen_mobile_spacer_size=&#8221;60&#8243;][dfd_heading style=&#8221;style_02&#8243; subtitle=&#8221;MEIST&#8221; content_alignment=&#8221;text-left&#8221; delimiter_settings=&#8221;delimiter_style:solid|delimiter_width:80|delimiter_height:1&#8243; undefined=&#8221;&#8221; title_font_options=&#8221;tag:h2&#8243; subtitle_font_options=&#8221;tag:div|line_height:28&#8243; heading_margin=&#8221;margin-top:5&#8243; title_responsive=&#8221;font_size_desktop:44|line_height_desktop:50|font_size_tablet:34|line_height_tablet:40|font_size_mobile:24|line_height_mobile:30&#8243;]Pakume tehnoloogilisi lahendusi ja toote tugiteenuseid internetip\u00f5hise spordiennustuse valdkonnas[\/dfd_heading][dfd_heading style=&#8221;style_02&#8243; subtitle=&#8221;&#8221; content_alignment=&#8221;text-left&#8221; delimiter_settings=&#8221;delimiter_style:solid|delimiter_width:80|delimiter_height:1&#8243; undefined=&#8221;&#8221; title_font_options=&#8221;tag:h3|font_size:25|line_height:30&#8243; subtitle_font_options=&#8221;tag:div|line_height:28&#8243; heading_margin=&#8221;margin-top:5&#8243; title_responsive=&#8221;font_size_desktop:25|line_height_desktop:50|font_size_tablet:25|line_height_tablet:30|font_size_mobile:18|line_height_mobile:24&#8243;]Rohkem kui 100 andekat ja k\u00f5rgelt motiveeritud t\u00f6\u00f6tajat<\/p>\n<p>&nbsp;<\/p>\n<p>Kihlveo\u00e4ri parim kogemus[\/dfd_heading][dfd_spacer screen_wide_spacer_size=&#8221;15&#8243; screen_normal_resolution=&#8221;1024&#8243; screen_tablet_resolution=&#8221;800&#8243; screen_mobile_resolution=&#8221;480&#8243;][dfd_spacer screen_wide_spacer_size=&#8221;&#8221; screen_normal_resolution=&#8221;1041&#8243; screen_tablet_resolution=&#8221;850&#8243; screen_mobile_resolution=&#8221;700&#8243; screen_normal_spacer_size=&#8221;500&#8243; screen_tablet_spacer_size=&#8221;400&#8243; screen_mobile_spacer_size=&#8221;0&#8243;][dfd_spacer screen_wide_spacer_size=&#8221;&#8221; screen_normal_resolution=&#8221;700&#8243; screen_tablet_resolution=&#8221;500&#8243; screen_mobile_resolution=&#8221;400&#8243; screen_normal_spacer_size=&#8221;250&#8243; screen_tablet_spacer_size=&#8221;200&#8243; screen_mobile_spacer_size=&#8221;200&#8243;][\/vc_column][vc_column width=&#8221;1\/2&#8243; dfd_column_responsive_enable=&#8221;dfd-column-responsive-enable&#8221; col_shadow=&#8221;box_shadow_enable:disable|shadow_horizontal:0|shadow_vertical:15|shadow_blur:50|shadow_spread:0|box_shadow_color:rgba(0%2C0%2C0%2C0.35)&#8221; col_shadow_hover=&#8221;box_shadow_enable:disable|shadow_horizontal:0|shadow_vertical:15|shadow_blur:50|shadow_spread:0|box_shadow_color:rgba(0%2C0%2C0%2C0.35)&#8221; responsive_styles=&#8221;padding_left_tablet:20|padding_right_tablet:20|padding_left_mobile:20|padding_right_mobile:20&#8243; el_class=&#8221;dfd_col-tablet-12&#8243; offset=&#8221;vc_col-lg-6 vc_col-md-6 vc_col-xs-12&#8243;][\/vc_column][\/vc_row][vc_row one_page_title=&#8221;Kontakt&#8221; anchor=&#8221;3&#8243; bg_check=&#8221;row-background-dark&#8221; dfd_bg_style=&#8221;video&#8221; dfd_video_url_mp4=&#8221;https:\/\/sauleit.com\/wp-content\/uploads\/2018\/07\/bonsmap_converted.mp4&#8243; dfd_video_url_webm=&#8221;https:\/\/sauleit.com\/wp-content\/uploads\/2018\/07\/bonsmap_converted.webm&#8221; dfd_video_opts=&#8221;loop,muted&#8221; dfd_video_poster=&#8221;21948&#8243; dfd_enable_controls=&#8221;&#8221; css=&#8221;.vc_custom_1532426510526{background-color: #eeeff3 !important;}&#8221;][vc_column width=&#8221;1\/2&#8243; col_shadow=&#8221;box_shadow_enable:enable|shadow_horizontal:0|shadow_vertical:25|shadow_blur:100|shadow_spread:0|box_shadow_color:rgba(0%2C0%2C0%2C0.35)&#8221; col_shadow_hover=&#8221;box_shadow_enable:enable|shadow_horizontal:0|shadow_vertical:25|shadow_blur:100|shadow_spread:0|box_shadow_color:rgba(0%2C0%2C0%2C0.35)&#8221; css=&#8221;.vc_custom_1487919129115{padding-right: 0px !important;padding-left: 0px !important;}&#8221; el_class=&#8221;dfd_col-tablet-12&#8243; offset=&#8221;vc_col-lg-6 vc_col-md-6 vc_col-xs-12&#8243;][dfd_spacer screen_wide_spacer_size=&#8221;&#8221; screen_normal_resolution=&#8221;1280&#8243; screen_tablet_resolution=&#8221;1041&#8243; screen_mobile_resolution=&#8221;817&#8243; screen_tablet_spacer_size=&#8221;80&#8243; screen_mobile_spacer_size=&#8221;0&#8243;][dfd_google_map map_style=&#8221;midnight-commander&#8221; location_list=&#8221;%5B%7B%22show_tooltip%22%3A%22marker%22%2C%22tooltip_show_setting%22%3A%22hide%22%2C%22marker_location%22%3A%2259.43222259938988%2C%2024.7215099691935%22%2C%22title_marker_content%22%3A%22Saule%20IT%20Services%20O%C3%9C%22%2C%22marker_content%22%3A%22Phone%3A%20%2B372%206403354%3Cbr%3E%5CnMail%3A%20info%40sauleit.com%22%2C%22location_list2%22%3A%22%255B%257B%257D%255D%22%2C%22marker_image%22%3A%2222194%22%7D%5D&#8221; touch_on_mobile=&#8221;&#8221; x_pan=&#8221;0&#8243; y_pan=&#8221;0&#8243; size=&#8221;406&#8243; el_class=&#8221;bordered&#8221; tutorials=&#8221;&#8221;][\/vc_column][vc_column width=&#8221;1\/2&#8243; dfd_column_responsive_enable=&#8221;dfd-column-responsive-enable&#8221; css=&#8221;.vc_custom_1487921559463{padding-left: 3% !important;}&#8221; col_shadow=&#8221;box_shadow_enable:disable|shadow_horizontal:0|shadow_vertical:15|shadow_blur:50|shadow_spread:0|box_shadow_color:rgba(0%2C0%2C0%2C0.35)&#8221; col_shadow_hover=&#8221;box_shadow_enable:disable|shadow_horizontal:0|shadow_vertical:15|shadow_blur:50|shadow_spread:0|box_shadow_color:rgba(0%2C0%2C0%2C0.35)&#8221; el_class=&#8221;dfd_col-tablet-12&#8243; offset=&#8221;vc_col-lg-6 vc_col-md-6 vc_col-xs-12&#8243; responsive_styles=&#8221;padding_left_tablet:20|padding_right_tablet:20|padding_left_mobile:20|padding_right_mobile:20&#8243;][dfd_spacer screen_wide_spacer_size=&#8221;60&#8243; screen_normal_resolution=&#8221;1280&#8243; screen_tablet_resolution=&#8221;1041&#8243; screen_mobile_resolution=&#8221;817&#8243; screen_tablet_spacer_size=&#8221;60&#8243; screen_mobile_spacer_size=&#8221;60&#8243;][dfd_heading style=&#8221;style_02&#8243; subtitle=&#8221;&#8221; enable_delimiter=&#8221;&#8221; undefined=&#8221;&#8221; title_font_options=&#8221;tag:h3&#8243; subtitle_font_options=&#8221;tag:div|line_height:24&#8243; title_responsive=&#8221;font_size_tablet:40|font_size_mobile:34|line_height_mobile:40&#8243;]V\u00f5tke \u00fchendust![\/dfd_heading][dfd_spacer screen_wide_spacer_size=&#8221;25&#8243; screen_normal_resolution=&#8221;1024&#8243; screen_tablet_resolution=&#8221;800&#8243; screen_mobile_resolution=&#8221;480&#8243;][vc_column_text]<\/p>\n<p style=\"text-align: center;\">Kirjutage meile v\u00f5imalikult t\u00e4pselt oma vajadustest ja soovidest.<\/p>\n<p>[\/vc_column_text][dfd_spacer screen_wide_spacer_size=&#8221;25&#8243; screen_normal_resolution=&#8221;1024&#8243; screen_tablet_resolution=&#8221;800&#8243; screen_mobile_resolution=&#8221;480&#8243;][dfd_heading subtitle=&#8221;&#8221; enable_delimiter=&#8221;&#8221; undefined=&#8221;&#8221; title_font_options=&#8221;tag:div|font_size:15|color:%23ffffff|line_height:15|letter_spacing:0&#8243; subtitle_font_options=&#8221;tag:div|color:%23ffffff&#8221;]Madara 25, Estonia, Harjumaa,<br \/>\nTallinn 10612[\/dfd_heading][dfd_heading subtitle=&#8221;&#8221; enable_delimiter=&#8221;&#8221; undefined=&#8221;&#8221; title_font_options=&#8221;tag:div|font_size:15|color:%23ffffff|line_height:15|letter_spacing:0|font_style_underline:1&#8243; subtitle_font_options=&#8221;tag:div&#8221;]info@sauleit.com[\/dfd_heading][dfd_spacer screen_wide_spacer_size=&#8221;20&#8243; screen_normal_resolution=&#8221;1024&#8243; screen_tablet_resolution=&#8221;800&#8243; screen_mobile_resolution=&#8221;480&#8243;][dfd_heading subtitle=&#8221;&#8221; enable_delimiter=&#8221;&#8221; undefined=&#8221;&#8221; title_font_options=&#8221;tag:h2|font_size:29|color:%23ffffff|line_height:28|letter_spacing:0&#8243; subtitle_font_options=&#8221;tag:div&#8221;]+372 6403354[\/dfd_heading][dfd_spacer screen_wide_spacer_size=&#8221;20&#8243; screen_normal_resolution=&#8221;1024&#8243; screen_tablet_resolution=&#8221;800&#8243; screen_mobile_resolution=&#8221;480&#8243;][dfd_social_accounts main_style=&#8221;style-4&#8243; dfd_social_networks=&#8221;%5B%7B%22dfd_social_networks_sel%22%3A%22dfd-socicon-linkedin%22%2C%22soc_url%22%3A%22url%3Ahttps%253A%252F%252Fwww.linkedin.com%252Fcompany%252Fsaule-it-services-o%2525C3%2525BC%252F%7C%7C%7C%22%7D%5D&#8221; icon_font_size=&#8221;16&#8243; border_radius=&#8221;20&#8243; icon_margin=&#8221;5&#8243; icon_color=&#8221;#181818&#8243; icon_background_color=&#8221;#ffffff&#8221;][dfd_spacer screen_wide_spacer_size=&#8221;&#8221; screen_normal_resolution=&#8221;1280&#8243; screen_tablet_resolution=&#8221;1041&#8243; screen_mobile_resolution=&#8221;817&#8243; screen_tablet_spacer_size=&#8221;80&#8243; screen_mobile_spacer_size=&#8221;60&#8243;][\/vc_column][\/vc_row]<\/p>\n","protected":false},"excerpt":{"rendered":"<p>[vc_row dfd_row_config=&#8221;full_width_content&#8221; one_page_title=&#8221;Meist&#8221; anchor=&#8221;1&#8243; dfd_bg_style=&#8221;image&#8221; dfd_bg_image_new=&#8221;22135&#8243; dfd_bg_image_repeat=&#8221;no-repeat&#8221; dfd_bg_image_size=&#8221;initial&#8221; dfd_image_bg_color=&#8221;#e9f4f9&#8243; dfd_bg_image_position=&#8221;50% 50%&#8221; dfd_bg_image_new_responsive=&#8221;22135&#8243; dfd_bg_resolution=&#8221;1023&#8243; dfd_bg_image_position_mobile=&#8221;bottom left&#8221; dfd_bg_image_size_mobile=&#8221;cover&#8221;][vc_column width=&#8221;1\/2&#8243; el_class=&#8221;dfd_col-tablet-12&#8243; offset=&#8221;vc_col-lg-6 vc_col-md-6 vc_col-xs-12&#8243; col_shadow=&#8221;box_shadow_enable:disable|shadow_horizontal:0|shadow_vertical:15|shadow_blur:50|shadow_spread:0|box_shadow_color:rgba(0%2C0%2C0%2C0.35)&#8221; col_shadow_hover=&#8221;box_shadow_enable:disable|shadow_horizontal:0|shadow_vertical:15|shadow_blur:50|shadow_spread:0|box_shadow_color:rgba(0%2C0%2C0%2C0.35)&#8221; css=&#8221;.vc_custom_1531464325691{padding-right: 10% !important;padding-left: 5% !important;}&#8221;][dfd_spacer screen_wide_spacer_size=&#8221;&#8221; screen_normal_resolution=&#8221;1280&#8243;<\/p>\n","protected":false},"author":5,"featured_media":0,"parent":0,"menu_order":0,"comment_status":"closed","ping_status":"closed","template":"tmp-one-page-scroll.php","meta":[],"_links":{"self":[{"href":"https:\/\/sauleit.com\/et\/wp-json\/wp\/v2\/pages\/22165"}],"collection":[{"href":"https:\/\/sauleit.com\/et\/wp-json\/wp\/v2\/pages"}],"about":[{"href":"https:\/\/sauleit.com\/et\/wp-json\/wp\/v2\/types\/page"}],"author":[{"embeddable":true,"href":"https:\/\/sauleit.com\/et\/wp-json\/wp\/v2\/users\/5"}],"replies":[{"embeddable":true,"href":"https:\/\/sauleit.com\/et\/wp-json\/wp\/v2\/comments?post=22165"}],"version-history":[{"count":20,"href":"https:\/\/sauleit.com\/et\/wp-json\/wp\/v2\/pages\/22165\/revisions"}],"predecessor-version":[{"id":22167,"href":"https:\/\/sauleit.com\/et\/wp-json\/wp\/v2\/pages\/22165\/revisions\/22167"}],"wp:attachment":[{"href":"https:\/\/sauleit.com\/et\/wp-json\/wp\/v2\/media?parent=22165"}],"curies":[{"name":"wp","href":"https:\/\/api.w.org\/{rel}","templated":true}]}}